{"id":2450,"date":"2020-06-10T10:29:47","date_gmt":"2020-06-10T10:29:47","guid":{"rendered":"https:\/\/jthemes.net\/themes\/wp\/immiex\/unittest\/?page_id=2450"},"modified":"2025-04-25T19:06:07","modified_gmt":"2025-04-25T19:06:07","slug":"contact-us-3","status":"publish","type":"page","link":"https:\/\/vizealmanya.net\/?page_id=2450","title":{"rendered":"Contact us 3"},"content":{"rendered":"<div class=\"wpb-content-wrapper\"><p>[vc_section section_type=&#8221;contacts&#8221; contacts_type=&#8221;4&#8243; bg_class=&#8221;bg-lightgrey&#8221; parallax_image_attachment=&#8221;inherit&#8221; padding_class=&#8221;wide-80&#8243;][vc_row][vc_column]\r\n        <div class=\"section-title center  wow perch-fadeInUp fadeInUp text-center\" data-wow-delay=\"300ms\" data-wow-duration=\"1200ms\">\r\n            <h2 class=\"h2-xs\">Sorunuz mu var? Hemen Bize G\u00f6nderin!<\/h2>\r\n            <p class=\"p-md\">Uzman dan\u0131\u015fmanlar\u0131m\u0131z k\u0131sa s\u00fcrede sorunuz i\u00e7in size d\u00f6n\u00fc\u015f yapacakt\u0131r.<\/p>         \r\n        <\/div><div class=\"wow perch-fadeInUp fadeInUp\" data-wow-delay=\"300ms\" data-wow-duration=\"1200ms\">\r\n<div class=\"row\">\r\n\r\n\r\n\t<div class=\"col-lg-5\">\r\n\t\t<div class=\"contact-boxes\">\r\n\r\n\t\t\t\t\t\t\t\t\t\t\t\t<div class=\"contact-box icon-xs clearfix mb-25\">\r\n\r\n\t\t\t\t\t\t<!-- Icon -->\t\r\n\t\t\t\t\t\t<div class=\"contact-box-icon\"><span class=\"flaticon-240-placeholder\"><\/span><\/div>\r\n\r\n\t\t\t\t\t\t<!-- Text -->\r\n\t\t\t\t\t\t<div class=\"contact-box-txt\">\r\n\t\t\t\t\t\t\t<h5 class=\"h5-sm deepblue-color\">\r\n\t\t\t\t\t\t\t\t121 King Street, Melbourne,\t\t\t\t\t\t\t\t\t\r\n\t\t\t\t\t\t\t\t<\/h5>\r\n\t\t\t\t\t\t\t<h5 class=\"h5-xs deepblue-color\">\r\n\t\t\t\t\t\t\t\t\t\r\n\t\t\t\t\t\t\t\tVictoria 3000 Australia\t\r\n\t\t\t\t\t\t\t\t\t\t\t\t\t\t\t\t\r\n\t\t\t\t\t\t\t<\/h5>\t\t\t\t\t\t\t\t\t\r\n\t\t\t\t\t\t\t<p class=\"grey-color\">Our Location<\/p>\r\n\t\t\t\t\t\t<\/div>\r\n\r\n\t\t\t\t\t<\/div>\r\n\t\t\t\t\t\t\t\t\t<div class=\"contact-box icon-xs clearfix mb-25\">\r\n\r\n\t\t\t\t\t\t<!-- Icon -->\t\r\n\t\t\t\t\t\t<div class=\"contact-box-icon\"><span class=\"flaticon-172-telephone-1\"><\/span><\/div>\r\n\r\n\t\t\t\t\t\t<!-- Text -->\r\n\t\t\t\t\t\t<div class=\"contact-box-txt\">\r\n\t\t\t\t\t\t\t<h5 class=\"h5-sm deepblue-color\">\r\n\t\t\t\t\t\t\t\tPhone : +12 3 3456 7890\t\t\t\t\t\t\t\t\t\r\n\t\t\t\t\t\t\t\t<\/h5>\r\n\t\t\t\t\t\t\t<h5 class=\"h5-xs deepblue-color\">\r\n\t\t\t\t\t\t\t\t\t\r\n\t\t\t\t\t\t\t\tFax : +12 9 8765 4321\t\r\n\t\t\t\t\t\t\t\t\t\t\t\t\t\t\t\t\r\n\t\t\t\t\t\t\t<\/h5>\t\t\t\t\t\t\t\t\t\r\n\t\t\t\t\t\t\t<p class=\"grey-color\">Let&#039;s Talk<\/p>\r\n\t\t\t\t\t\t<\/div>\r\n\r\n\t\t\t\t\t<\/div>\r\n\t\t\t\t\t\t\t\t\t<div class=\"contact-box icon-xs clearfix mb-25\">\r\n\r\n\t\t\t\t\t\t<!-- Icon -->\t\r\n\t\t\t\t\t\t<div class=\"contact-box-icon\"><span class=\"flaticon-235-mail\"><\/span><\/div>\r\n\r\n\t\t\t\t\t\t<!-- Text -->\r\n\t\t\t\t\t\t<div class=\"contact-box-txt\">\r\n\t\t\t\t\t\t\t<h5 class=\"h5-sm deepblue-color\">\r\n\t\t\t\t\t\t\t\tMon - Fri: 8:30am - 7:30pm\t\t\t\t\t\t\t\t\t\r\n\t\t\t\t\t\t\t\t<\/h5>\r\n\t\t\t\t\t\t\t<h5 class=\"h5-xs deepblue-color\">\r\n\t\t\t\t\t\t\t\t\t\r\n\t\t\t\t\t\t\t\tSat: 8:30am - 3:30pm\t\r\n\t\t\t\t\t\t\t\t\t\t\t\t\t\t\t\t\r\n\t\t\t\t\t\t\t<\/h5>\t\t\t\t\t\t\t\t\t\r\n\t\t\t\t\t\t\t<p class=\"grey-color\">Working Hours<\/p>\r\n\t\t\t\t\t\t<\/div>\r\n\r\n\t\t\t\t\t<\/div>\r\n\t\t\t\t\t\t\t\t\t<div class=\"contact-box icon-xs clearfix mb-25\">\r\n\r\n\t\t\t\t\t\t<!-- Icon -->\t\r\n\t\t\t\t\t\t<div class=\"contact-box-icon\"><span class=\"flaticon-358-wall-clock-1\"><\/span><\/div>\r\n\r\n\t\t\t\t\t\t<!-- Text -->\r\n\t\t\t\t\t\t<div class=\"contact-box-txt\">\r\n\t\t\t\t\t\t\t<h5 class=\"h5-sm deepblue-color\">\r\n\t\t\t\t\t\t\t\t\t\t\t\t\t\t\t\t\t<a href=\"mailto:hello@domain.com\">hello@domain.com\t\t\t\t\t\t\t\t\t<\/a>\r\n\t\t\t\t\t\t\t\t\t\t\t\t\t\t\t\t\t\r\n\t\t\t\t\t\t\t\t<\/h5>\r\n\t\t\t\t\t\t\t<h5 class=\"h5-xs deepblue-color\">\r\n\t\t\t\t\t\t\t\t\t\t\t\t\t\t\t\t\t<a href=\"mailto:career@domain.com\">\r\n\t\t\t\t\t\t\t\t\t\r\n\t\t\t\t\t\t\t\tcareer@domain.com\t\r\n\t\t\t\t\t\t\t\t\t\t\t\t\t\t\t\t\t<\/a>\r\n\t\t\t\t\t\t\t\t\t\t\t\t\t\t\t\t\r\n\t\t\t\t\t\t\t<\/h5>\t\t\t\t\t\t\t\t\t\r\n\t\t\t\t\t\t\t<p class=\"grey-color\">Drop a Line<\/p>\r\n\t\t\t\t\t\t<\/div>\r\n\r\n\t\t\t\t\t<\/div>\r\n\t\t\t\t\t\t\t\r\n\t<\/div>\r\n<\/div>\r\n\r\n\r\n\t\r\n<div class=\"col-lg-7\">\r\n\t\n<div class=\"wpcf7 no-js\" id=\"wpcf7-f535-o1\" lang=\"en-US\" dir=\"ltr\" data-wpcf7-id=\"535\">\n<div class=\"screen-reader-response\"><p role=\"status\" aria-live=\"polite\" aria-atomic=\"true\"><\/p> <ul><\/ul><\/div>\n<form action=\"\/index.php?rest_route=%2Fwp%2Fv2%2Fpages%2F2450#wpcf7-f535-o1\" method=\"post\" class=\"wpcf7-form init\" aria-label=\"Contact form\" novalidate=\"novalidate\" data-status=\"init\">\n<div style=\"display: none;\">\n<input type=\"hidden\" name=\"_wpcf7\" value=\"535\" \/>\n<input type=\"hidden\" name=\"_wpcf7_version\" value=\"6.0.6\" \/>\n<input type=\"hidden\" name=\"_wpcf7_locale\" value=\"en_US\" \/>\n<input type=\"hidden\" name=\"_wpcf7_unit_tag\" value=\"wpcf7-f535-o1\" \/>\n<input type=\"hidden\" name=\"_wpcf7_container_post\" value=\"0\" \/>\n<input type=\"hidden\" name=\"_wpcf7_posted_data_hash\" value=\"\" \/>\n<\/div>\n<div class=\"form-holder\">\n\t<div class=\"row contact-form\">\n\t\t<div id=\"input-name\" class=\"col-lg-12\">\n\t\t\t<p><span class=\"wpcf7-form-control-wrap\" data-name=\"your-name\"><input size=\"40\" maxlength=\"400\" class=\"wpcf7-form-control wpcf7-text wpcf7-validates-as-required form-control name\" aria-required=\"true\" aria-invalid=\"false\" placeholder=\"Enter Your Name*\" value=\"\" type=\"text\" name=\"your-name\" \/><\/span>\n\t\t\t<\/p>\n\t\t<\/div>\n\t\t<div id=\"input-email\" class=\"col-lg-12\">\n\t\t\t<p><span class=\"wpcf7-form-control-wrap\" data-name=\"your-email\"><input size=\"40\" maxlength=\"400\" class=\"wpcf7-form-control wpcf7-email wpcf7-validates-as-required wpcf7-text wpcf7-validates-as-email form-control email\" aria-required=\"true\" aria-invalid=\"false\" placeholder=\"Enter Your Email*\" value=\"\" type=\"email\" name=\"your-email\" \/><\/span>\n\t\t\t<\/p>\n\t\t<\/div>\n\t\t<div id=\"input-subject\" class=\"col-lg-12 input-subject\">\n\t\t\t<p><span class=\"wpcf7-form-control-wrap your-menu\"><select class=\"wpcf7-form-control wpcf7-select wpcf7-validates-as-required custom-select subject\" id=\"inlineFormCustomSelect2\" name=\"your-menu\"><option value=\"Your Question About..\">Your Question About..<\/option><option value=\"Student Visa\">Student Visa<\/option><option value=\"Travel visa\">Travel visa<\/option><option value=\"Working Visa\">Working Visa<\/option><option value=\"Business Visa\">Business Visa<\/option><option value=\"Visitor Visa\">Visitor Visa<\/option><option value=\"Other...\">Other...<\/option><\/select><\/span>\n\t\t\t<\/p>\n\t\t<\/div>\n\t\t<div id=\"input-message\" class=\"col-lg-12 input-message\">\n\t\t\t<p><span class=\"wpcf7-form-control-wrap\" data-name=\"your-message\"><textarea cols=\"40\" rows=\"10\" maxlength=\"2000\" class=\"wpcf7-form-control wpcf7-textarea wpcf7-validates-as-required form-control message\" aria-required=\"true\" aria-invalid=\"false\" placeholder=\"Your Message ...\" name=\"your-message\"><\/textarea><\/span>\n\t\t\t<\/p>\n\t\t<\/div>\n\t\t<div class=\"col-lg-12 mt-15 form-btn\">\n\t\t\t<p><input class=\"wpcf7-form-control wpcf7-submit has-spinner btn btn-primary tra-black-hover submit\" type=\"submit\" value=\"Send Your Message\" \/>\n\t\t\t<\/p>\n\t\t<\/div>\n\t\t<div class=\"col-lg-12 contact-form-msg text-center\">\n\t\t\t<div class=\"sending-msg\">\n\t\t\t<div class=\"wpcf7-response-output\" aria-hidden=\"true\"><\/div>\n\t\t\t<\/div>\n\t\t<\/div>\n\t<\/div>\n<\/div>\n<\/form>\n<\/div>\n<\/div>\t <!-- END CONTACT FORM -->\t \t\r\n\r\n\r\n<\/div>\r\n<\/div>[\/vc_column][\/vc_row][\/vc_section][vc_section bg_class=&#8221;bg-lightgrey&#8221; parallax_image_attachment=&#8221;inherit&#8221; padding_class=&#8221;&#8221; el_class=&#8221;map&#8221;][vc_row][vc_column][immiex_google_map][\/vc_column][\/vc_row][\/vc_section]<\/p>\n<\/div>","protected":false},"excerpt":{"rendered":"<p>[vc_section section_type=&#8221;contacts&#8221; contacts_type=&#8221;4&#8243; bg_class=&#8221;bg-lightgrey&#8221; parallax_image_attachment=&#8221;inherit&#8221; padding_class=&#8221;wide-80&#8243;][vc_row][vc_column][\/vc_column][\/vc_row][\/vc_section][vc_section bg_class=&#8221;bg-lightgrey&#8221; parallax_image_attachment=&#8221;inherit&#8221; padding_class=&#8221;&#8221; el_class=&#8221;map&#8221;][vc_row][vc_column][immiex_google_map][\/vc_column][\/vc_row][\/vc_section]<\/p>\n","protected":false},"author":1,"featured_media":0,"parent":0,"menu_order":0,"comment_status":"closed","ping_status":"closed","template":"","meta":{"footnotes":""},"class_list":["post-2450","page","type-page","status-publish","hentry","no-post-thumbnail"],"post_mailing_queue_ids":[],"_links":{"self":[{"href":"https:\/\/vizealmanya.net\/index.php?rest_route=\/wp\/v2\/pages\/2450","targetHints":{"allow":["GET"]}}],"collection":[{"href":"https:\/\/vizealmanya.net\/index.php?rest_route=\/wp\/v2\/pages"}],"about":[{"href":"https:\/\/vizealmanya.net\/index.php?rest_route=\/wp\/v2\/types\/page"}],"author":[{"embeddable":true,"href":"https:\/\/vizealmanya.net\/index.php?rest_route=\/wp\/v2\/users\/1"}],"replies":[{"embeddable":true,"href":"https:\/\/vizealmanya.net\/index.php?rest_route=%2Fwp%2Fv2%2Fcomments&post=2450"}],"version-history":[{"count":2,"href":"https:\/\/vizealmanya.net\/index.php?rest_route=\/wp\/v2\/pages\/2450\/revisions"}],"predecessor-version":[{"id":2685,"href":"https:\/\/vizealmanya.net\/index.php?rest_route=\/wp\/v2\/pages\/2450\/revisions\/2685"}],"wp:attachment":[{"href":"https:\/\/vizealmanya.net\/index.php?rest_route=%2Fwp%2Fv2%2Fmedia&parent=2450"}],"curies":[{"name":"wp","href":"https:\/\/api.w.org\/{rel}","templated":true}]}}