{"id":2388,"date":"2020-06-09T08:20:40","date_gmt":"2020-06-09T08:20:40","guid":{"rendered":"https:\/\/jthemes.net\/themes\/wp\/immiex\/unittest\/?page_id=2388"},"modified":"2025-04-25T18:26:33","modified_gmt":"2025-04-25T18:26:33","slug":"faqs-page","status":"publish","type":"page","link":"https:\/\/vizealmanya.net\/?page_id=2388","title":{"rendered":"FAQs Page"},"content":{"rendered":"<div class=\"wpb-content-wrapper\"><p>[vc_section parallax_image_attachment=&#8221;inherit&#8221; padding_class=&#8221;wide-80&#8243; el_id=&#8221;faqs-2&#8243;][vc_row content_placement=&#8221;top&#8221; parallax_image_attachment=&#8221;inherit&#8221;][vc_column width=&#8221;1\/2&#8243;]\r\n        <div class=\"wow perch-fadeInUp fadeInUp\" data-wow-delay=\"300ms\" data-wow-duration=\"1200ms\">\r\n            <h5 class=\"blue-color h5-xl none\">General Questions<\/h5>\r\n                     \r\n        <\/div>\r\n        <div id=\"accordion\" class=\"wow perch-fadeInUp fadeInUp\" data-wow-delay=\"300ms\" data-wow-duration=\"1200ms\" role=\"tablist\">                      \r\n            <div class=\"card-wrapper\" data-wow-delay=\"300ms\" data-wow-duration=\"1200ms\"><div class=\"card\">\r\n                        <div class='card-header' role='tab' id='heading-169ee632ace623'><h5 class=\"h5-md\"><a class=\"\" data-toggle=\"collapse\" href=\"#collapse-169ee632ace623\" role=\"button\" aria-expanded=\"true\" aria-controls=\"collapse-169ee632ace623\">Which payment methods do you accept? <\/a><\/h5><\/div>\r\n                        <div id='collapse-169ee632ace623' class='collapse show' role='tabpanel' aria-labelledby='heading-169ee632ace623' data-parent='#accordion'>\r\n                        <div class='card-body'><p>An magnis nulla dolor sapien augue erat iaculis purus tempor magna ipsum vitae purus primis pretium ligula rutrum luctus blandit porta justo integer. Feugiat a primis ultrice ligula risus auctor rhoncus purus ipsum primis <\/p><\/div>\r\n                        <\/div>\r\n                    <\/div><div class=\"card\">\r\n                        <div class='card-header' role='tab' id='heading-269ee632ace667'><h5 class=\"h5-md\"><a class=\"collapsed\" data-toggle=\"collapse\" href=\"#collapse-269ee632ace667\" role=\"button\" aria-expanded=\"true\" aria-controls=\"collapse-269ee632ace667\">What is the registration process?<\/a><\/h5><\/div>\r\n                        <div id='collapse-269ee632ace667' class='collapse' role='tabpanel' aria-labelledby='heading-269ee632ace667' data-parent='#accordion'>\r\n                        <div class='card-body'><p>Maecenas gravida porttitor nunc, quis vehicula magna luctus tempor. Quisque vel laoreet turpis. Urna augue, viverra a augue eget, dictum tempor diam. Sed pulvinar consectetur nibh, vel imperdiet dui varius viverra. Pellentesque ac massa lorem. Fusce eu cursus est. Fusce non nulla vitae massa placerat vulputate vel a purus<\/p><\/div>\r\n                        <\/div>\r\n                    <\/div><div class=\"card\">\r\n                        <div class='card-header' role='tab' id='heading-369ee632ace692'><h5 class=\"h5-md\"><a class=\"collapsed\" data-toggle=\"collapse\" href=\"#collapse-369ee632ace692\" role=\"button\" aria-expanded=\"true\" aria-controls=\"collapse-369ee632ace692\"> How can I update my personal information? <\/a><\/h5><\/div>\r\n                        <div id='collapse-369ee632ace692' class='collapse' role='tabpanel' aria-labelledby='heading-369ee632ace692' data-parent='#accordion'>\r\n                        <div class='card-body'><p>An magnis nulla dolor sapien augue erat iaculis purus tempor magna ipsum vitae purus primis pretium ligula rutrum luctus blandit porta justo integer. Feugiat a primis ultrice ligula risus auctor rhoncus purus ipsum primis<\/p><\/div>\r\n                        <\/div>\r\n                    <\/div><\/div>     \r\n        <\/div>\r\n        <div class=\"mt-40  wow perch-fadeInUp fadeInUp\" data-wow-delay=\"300ms\" data-wow-duration=\"1200ms\"> \r\n                   \r\n                   \r\n            <h5 class=\"blue-color h5-xl none os-version\">PR &amp; Migration Visa<\/h5>\r\n                     \r\n        <\/div>\r\n        <div id=\"accordion\" class=\"wow perch-fadeInUp fadeInUp\" data-wow-delay=\"300ms\" data-wow-duration=\"1200ms\" role=\"tablist\">                      \r\n            <div class=\"card-wrapper\" data-wow-delay=\"300ms\" data-wow-duration=\"1200ms\"><div class=\"card\">\r\n                        <div class='card-header' role='tab' id='heading-169ee632aceb76'><h5 class=\"h5-md\"><a class=\"\" data-toggle=\"collapse\" href=\"#collapse-169ee632aceb76\" role=\"button\" aria-expanded=\"true\" aria-controls=\"collapse-169ee632aceb76\">How can ImmiEx help me? <\/a><\/h5><\/div>\r\n                        <div id='collapse-169ee632aceb76' class='collapse show' role='tabpanel' aria-labelledby='heading-169ee632aceb76' data-parent='#accordion'>\r\n                        <div class='card-body'><p>An magnis nulla dolor sapien augue erat iaculis purus tempor magna ipsum vitae purus primis pretium ligula rutrum luctus blandit porta justo integer. Feugiat a primis ultrice ligula risus auctor rhoncus purus ipsum primis <\/p><\/div>\r\n                        <\/div>\r\n                    <\/div><div class=\"card\">\r\n                        <div class='card-header' role='tab' id='heading-269ee632acebb2'><h5 class=\"h5-md\"><a class=\"collapsed\" data-toggle=\"collapse\" href=\"#collapse-269ee632acebb2\" role=\"button\" aria-expanded=\"true\" aria-controls=\"collapse-269ee632acebb2\">What should I expect from Initial Consultation? <\/a><\/h5><\/div>\r\n                        <div id='collapse-269ee632acebb2' class='collapse' role='tabpanel' aria-labelledby='heading-269ee632acebb2' data-parent='#accordion'>\r\n                        <div class='card-body'><p>Maecenas gravida porttitor nunc, quis vehicula magna luctus tempor. Quisque vel laoreet turpis. Urna augue, viverra a augue eget, dictum tempor diam. Sed pulvinar consectetur nibh, vel imperdiet dui varius viverra. Pellentesque ac massa lorem. Fusce eu cursus est. Fusce non nulla vitae massa placerat vulputate vel a purus<\/p><\/div>\r\n                        <\/div>\r\n                    <\/div><div class=\"card\">\r\n                        <div class='card-header' role='tab' id='heading-369ee632acec0f'><h5 class=\"h5-md\"><a class=\"collapsed\" data-toggle=\"collapse\" href=\"#collapse-369ee632acec0f\" role=\"button\" aria-expanded=\"true\" aria-controls=\"collapse-369ee632acec0f\">What can prevent me from coming to Australia? <\/a><\/h5><\/div>\r\n                        <div id='collapse-369ee632acec0f' class='collapse' role='tabpanel' aria-labelledby='heading-369ee632acec0f' data-parent='#accordion'>\r\n                        <div class='card-body'><p>An magnis nulla dolor sapien augue erat iaculis purus tempor magna ipsum vitae purus primis pretium ligula rutrum luctus blandit porta justo integer. Feugiat a primis ultrice ligula risus auctor rhoncus purus ipsum primis<\/p><\/div>\r\n                        <\/div>\r\n                    <\/div><div class=\"card\">\r\n                        <div class='card-header' role='tab' id='heading-469ee632acec52'><h5 class=\"h5-md\"><a class=\"collapsed\" data-toggle=\"collapse\" href=\"#collapse-469ee632acec52\" role=\"button\" aria-expanded=\"true\" aria-controls=\"collapse-469ee632acec52\">Who is Authorized Representative? <\/a><\/h5><\/div>\r\n                        <div id='collapse-469ee632acec52' class='collapse' role='tabpanel' aria-labelledby='heading-469ee632acec52' data-parent='#accordion'>\r\n                        <div class='card-body'><p>An magnis nulla dolor sapien augue erat iaculis purus tempor magna ipsum vitae purus primis pretium ligula rutrum luctus blandit porta justo integer. Feugiat a primis ultrice ligula risus auctor rhoncus purus ipsum primis<\/p><\/div>\r\n                        <\/div>\r\n                    <\/div><\/div>     \r\n        <\/div>[\/vc_column][vc_column width=&#8221;1\/2&#8243;]\r\n        <div class=\"wow perch-fadeInUp fadeInUp text-left\" data-wow-delay=\"300ms\" data-wow-duration=\"1200ms\">\r\n            <h5 class=\"blue-color h5-xl none\">Tourist &amp; Visitor Visa<\/h5>\r\n                     \r\n        <\/div>\r\n        <div id=\"accordion\" class=\"wow perch-fadeInUp fadeInUp\" data-wow-delay=\"300ms\" data-wow-duration=\"1200ms\" role=\"tablist\">                      \r\n            <div class=\"card-wrapper\" data-wow-delay=\"300ms\" data-wow-duration=\"1200ms\"><div class=\"card\">\r\n                        <div class='card-header' role='tab' id='heading-169ee632acf13e'><h5 class=\"h5-md\"><a class=\"\" data-toggle=\"collapse\" href=\"#collapse-169ee632acf13e\" role=\"button\" aria-expanded=\"true\" aria-controls=\"collapse-169ee632acf13e\">Qualification for a Canada Tourist Visa? <\/a><\/h5><\/div>\r\n                        <div id='collapse-169ee632acf13e' class='collapse show' role='tabpanel' aria-labelledby='heading-169ee632acf13e' data-parent='#accordion'>\r\n                        <div class='card-body'><p>An magnis nulla dolor sapien augue erat iaculis purus tempor magna ipsum vitae purus primis pretium ligula rutrum luctus blandit porta justo integer. Feugiat a primis ultrice ligula risus auctor rhoncus purus ipsum primis <\/p><\/div>\r\n                        <\/div>\r\n                    <\/div><div class=\"card\">\r\n                        <div class='card-header' role='tab' id='heading-269ee632acf17a'><h5 class=\"h5-md\"><a class=\"collapsed\" data-toggle=\"collapse\" href=\"#collapse-269ee632acf17a\" role=\"button\" aria-expanded=\"true\" aria-controls=\"collapse-269ee632acf17a\">Do you guarantee a visa approval? <\/a><\/h5><\/div>\r\n                        <div id='collapse-269ee632acf17a' class='collapse' role='tabpanel' aria-labelledby='heading-269ee632acf17a' data-parent='#accordion'>\r\n                        <div class='card-body'><p>Maecenas gravida porttitor nunc, quis vehicula magna luctus tempor. Quisque vel laoreet turpis. Urna augue, viverra a augue eget, dictum tempor diam. Sed pulvinar consectetur nibh, vel imperdiet dui varius viverra. Pellentesque ac massa lorem. Fusce eu cursus est. Fusce non nulla vitae massa placerat vulputate vel a purus<\/p><\/div>\r\n                        <\/div>\r\n                    <\/div><div class=\"card\">\r\n                        <div class='card-header' role='tab' id='heading-369ee632acf1a3'><h5 class=\"h5-md\"><a class=\"collapsed\" data-toggle=\"collapse\" href=\"#collapse-369ee632acf1a3\" role=\"button\" aria-expanded=\"true\" aria-controls=\"collapse-369ee632acf1a3\">How long does the application process take? <\/a><\/h5><\/div>\r\n                        <div id='collapse-369ee632acf1a3' class='collapse' role='tabpanel' aria-labelledby='heading-369ee632acf1a3' data-parent='#accordion'>\r\n                        <div class='card-body'><p>An magnis nulla dolor sapien augue erat iaculis purus tempor magna ipsum vitae purus primis pretium ligula rutrum luctus blandit porta justo integer. Feugiat a primis ultrice ligula risus auctor rhoncus purus ipsum primis<\/p><\/div>\r\n                        <\/div>\r\n                    <\/div><\/div>     \r\n        <\/div>\r\n        <div class=\"mt-40  wow perch-fadeInUp fadeInUp\" data-wow-delay=\"300ms\" data-wow-duration=\"1200ms\"> \r\n                   \r\n                   \r\n            <h5 class=\"blue-color h5-xl none os-version\">Working Visa<\/h5>\r\n                     \r\n        <\/div>\r\n        <div id=\"accordion\" class=\"wow perch-fadeInUp fadeInUp\" data-wow-delay=\"300ms\" data-wow-duration=\"1200ms\" role=\"tablist\">                      \r\n            <div class=\"card-wrapper\" data-wow-delay=\"300ms\" data-wow-duration=\"1200ms\"><div class=\"card\">\r\n                        <div class='card-header' role='tab' id='heading-169ee632acf625'><h5 class=\"h5-md\"><a class=\"\" data-toggle=\"collapse\" href=\"#collapse-169ee632acf625\" role=\"button\" aria-expanded=\"true\" aria-controls=\"collapse-169ee632acf625\">Which payment methods do you accept?<\/a><\/h5><\/div>\r\n                        <div id='collapse-169ee632acf625' class='collapse show' role='tabpanel' aria-labelledby='heading-169ee632acf625' data-parent='#accordion'>\r\n                        <div class='card-body'><p>An magnis nulla dolor sapien augue erat iaculis purus tempor magna ipsum vitae purus primis pretium ligula rutrum luctus blandit porta justo integer. Feugiat a primis ultrice ligula risus auctor rhoncus purus ipsum primis <\/p><\/div>\r\n                        <\/div>\r\n                    <\/div><div class=\"card\">\r\n                        <div class='card-header' role='tab' id='heading-269ee632acf661'><h5 class=\"h5-md\"><a class=\"collapsed\" data-toggle=\"collapse\" href=\"#collapse-269ee632acf661\" role=\"button\" aria-expanded=\"true\" aria-controls=\"collapse-269ee632acf661\">What is the registration process?<\/a><\/h5><\/div>\r\n                        <div id='collapse-269ee632acf661' class='collapse' role='tabpanel' aria-labelledby='heading-269ee632acf661' data-parent='#accordion'>\r\n                        <div class='card-body'><p>Maecenas gravida porttitor nunc, quis vehicula magna luctus tempor. Quisque vel laoreet turpis. Urna augue, viverra a augue eget, dictum tempor diam. Sed pulvinar consectetur nibh, vel imperdiet dui varius viverra. Pellentesque ac massa lorem. Fusce eu cursus est. Fusce non nulla vitae massa placerat vulputate vel a purus<\/p><\/div>\r\n                        <\/div>\r\n                    <\/div><div class=\"card\">\r\n                        <div class='card-header' role='tab' id='heading-369ee632acf68a'><h5 class=\"h5-md\"><a class=\"collapsed\" data-toggle=\"collapse\" href=\"#collapse-369ee632acf68a\" role=\"button\" aria-expanded=\"true\" aria-controls=\"collapse-369ee632acf68a\">How can I update or cancel my personal information? <\/a><\/h5><\/div>\r\n                        <div id='collapse-369ee632acf68a' class='collapse' role='tabpanel' aria-labelledby='heading-369ee632acf68a' data-parent='#accordion'>\r\n                        <div class='card-body'><p>An magnis nulla dolor sapien augue erat iaculis purus tempor magna ipsum vitae purus primis pretium ligula rutrum luctus blandit porta justo integer. Feugiat a primis ultrice ligula risus auctor rhoncus purus ipsum primis<\/p><\/div>\r\n                        <\/div>\r\n                    <\/div><div class=\"card\">\r\n                        <div class='card-header' role='tab' id='heading-469ee632acf6ae'><h5 class=\"h5-md\"><a class=\"collapsed\" data-toggle=\"collapse\" href=\"#collapse-469ee632acf6ae\" role=\"button\" aria-expanded=\"true\" aria-controls=\"collapse-469ee632acf6ae\">Does your immigration firm offer a money-back guarantee? <\/a><\/h5><\/div>\r\n                        <div id='collapse-469ee632acf6ae' class='collapse' role='tabpanel' aria-labelledby='heading-469ee632acf6ae' data-parent='#accordion'>\r\n                        <div class='card-body'><p>Curabitur ac dapibus libero. Quisque eu tristique neque. Phasellus blandit tristique justo ut aliquam. Aliquam vitae molestie nunc. Quisque sapien justo, aliquet non molestie sed purus, venenatis nec. Aliquam eget lacinia elit. Vestibulum tincidunt tincidunt massa, et porttitor <\/p><\/div>\r\n                        <\/div>\r\n                    <\/div><\/div>     \r\n        <\/div>[\/vc_column][\/vc_row][\/vc_section][vc_section bg_class=&#8221;bg-tra&#8221; parallax_image_attachment=&#8221;fixed&#8221; padding_class=&#8221;&#8221; el_id=&#8221;cta-4&#8243; el_class=&#8221;cta-section division&#8221;][vc_row parallax_image_attachment=&#8221;inherit&#8221;][vc_column]<div class=\"white-color  wow perch-fadeInUp fadeInUp\" data-wow-delay=\"300ms\" data-wow-duration=\"1200ms\">\r\n\t<div  class=\"row\">\r\n\r\n\r\n\t\t<!-- CALL TO ACTION TEXT -->\r\n\t\t<div class=\"col-md-8 col-lg-7 offset-md-4 offset-lg-5\">\t\t\t\t\t\t\r\n\r\n\t\t\t\t<!-- Title  -->\r\n\t\t\t\t\t\t\t\t\t<div class=\"cta-txt\">\r\n\t\t\t\t\t<h3 class=\"Default h3-xl none\">Profesyonel Vize Hizmetleri<\/h3><!-- Title -->\r\n\t\t\t\t\t<p class=\"Default p-lg none\">Profesyonel vize hizmetleri kapsam\u0131nda hangi \u00fclkeye seyahat etmek isterseniz, kolayl\u0131kla tamamlayabilmeniz i\u00e7in en do\u011fru ve sade \u015fekilde sizin i\u00e7in \u00e7al\u0131\u015f\u0131yoruz. \u0130nternet ortam\u0131ndaki kirli bilgiden \u00e7ok, tecr\u00fcbeli dan\u0131\u015fmanlar\u0131m\u0131z e\u015fli\u011finde yap\u0131lan t\u00fcm ba\u015fvurular i\u00e7in yan\u0131n\u0131zday\u0131z.<\/p><!-- Text -->\r\n\t\t\t\t\t<div class=\"stores-badge\">\r\n                <a target=\"_blank\"  href=\"mailto:youremail@mail.com\"  title=\"Get Consultation\"  class=\"btn btn-tra-white tra-hover btn-md primary-hover store btn-type-light\"><span>Get Consultation<\/span><\/a>\r\n                \r\n            <\/div><!-- Button  -->\r\n\t\t\t\t\t<\/div>\r\n\t\t\t\t\t\t\t\r\n\t\t<\/div>\r\n\t\t\r\n\t<\/div>\t  <!-- End row -->\r\n<\/div>[\/vc_column][\/vc_row][\/vc_section]<\/p>\n<\/div>","protected":false},"excerpt":{"rendered":"<p>[vc_section parallax_image_attachment=&#8221;inherit&#8221; padding_class=&#8221;wide-80&#8243; el_id=&#8221;faqs-2&#8243;][vc_row content_placement=&#8221;top&#8221; parallax_image_attachment=&#8221;inherit&#8221;][vc_column width=&#8221;1\/2&#8243;][\/vc_column][vc_column width=&#8221;1\/2&#8243;][\/vc_column][\/vc_row][\/vc_section][vc_section bg_class=&#8221;bg-tra&#8221; parallax_image_attachment=&#8221;fixed&#8221; padding_class=&#8221;&#8221; el_id=&#8221;cta-4&#8243; el_class=&#8221;cta-section division&#8221;][vc_row parallax_image_attachment=&#8221;inherit&#8221;][vc_column][\/vc_column][\/vc_row][\/vc_section]<\/p>\n","protected":false},"author":1,"featured_media":0,"parent":0,"menu_order":0,"comment_status":"closed","ping_status":"closed","template":"","meta":{"footnotes":""},"class_list":["post-2388","page","type-page","status-publish","hentry","no-post-thumbnail"],"post_mailing_queue_ids":[],"_links":{"self":[{"href":"https:\/\/vizealmanya.net\/index.php?rest_route=\/wp\/v2\/pages\/2388","targetHints":{"allow":["GET"]}}],"collection":[{"href":"https:\/\/vizealmanya.net\/index.php?rest_route=\/wp\/v2\/pages"}],"about":[{"href":"https:\/\/vizealmanya.net\/index.php?rest_route=\/wp\/v2\/types\/page"}],"author":[{"embeddable":true,"href":"https:\/\/vizealmanya.net\/index.php?rest_route=\/wp\/v2\/users\/1"}],"replies":[{"embeddable":true,"href":"https:\/\/vizealmanya.net\/index.php?rest_route=%2Fwp%2Fv2%2Fcomments&post=2388"}],"version-history":[{"count":3,"href":"https:\/\/vizealmanya.net\/index.php?rest_route=\/wp\/v2\/pages\/2388\/revisions"}],"predecessor-version":[{"id":2676,"href":"https:\/\/vizealmanya.net\/index.php?rest_route=\/wp\/v2\/pages\/2388\/revisions\/2676"}],"wp:attachment":[{"href":"https:\/\/vizealmanya.net\/index.php?rest_route=%2Fwp%2Fv2%2Fmedia&parent=2388"}],"curies":[{"name":"wp","href":"https:\/\/api.w.org\/{rel}","templated":true}]}}