{"id":2344,"date":"2020-06-09T05:15:48","date_gmt":"2020-06-09T05:15:48","guid":{"rendered":"https:\/\/jthemes.net\/themes\/wp\/immiex\/unittest\/?page_id=2344"},"modified":"2025-04-25T18:22:56","modified_gmt":"2025-04-25T18:22:56","slug":"about-page","status":"publish","type":"page","link":"https:\/\/vizealmanya.net\/?page_id=2344","title":{"rendered":"About Page"},"content":{"rendered":"<div class=\"wpb-content-wrapper\"><p>[vc_section section_type=&#8221;about&#8221; about_type=&#8221;2&#8243; bg_class=&#8221;bg-lightgrey&#8221; parallax_image_attachment=&#8221;inherit&#8221;][vc_row][vc_column width=&#8221;1\/2&#8243;]\r\n        <div class=\"mb-40  about-img text-center  wow perch-fadeInUp fadeInUp\" data-wow-delay=\"300ms\" data-wow-duration=\"1200ms\"> \r\n        <img decoding=\"async\" class=\"vc_single_image-img img-fluid\"  src=\"https:\/\/vizealmanya.net\/wp-content\/themes\/immiex\/images\/image-03.png\" alt=\"External image\" \/>\r\n        <\/div>[\/vc_column][vc_column width=&#8221;1\/2&#8243;]\r\n        <div class=\"mb-40  about-2-txt pc-20  wow perch-fadeInUp fadeInUp\" data-wow-delay=\"300ms\" data-wow-duration=\"1200ms\"> \r\n        \t\r\n            <span class=\"section-id id-color\">Almanya Vizesi<\/span>         \r\n            <h3 class=\"h3-lg\">Hakk\u0131m\u0131zda<\/h3>\r\n             \r\n             \r\n            \r\n            <ul class=\"terms-list single-column-list\"><li><p>Almanya Vize Profesyonel vize hizmetleri \u0130stanbul-\u015ei\u015fli\u2019de bulunmaktad\u0131r. 2015 y\u0131l\u0131 itibari ile T\u00fcrkiye\u2019nin her yerinden dan\u0131\u015fan\u0131 olan anlay\u0131\u015fl\u0131 ve bilgi odakl\u0131 sisteme tabidir. Deneyimli vize dan\u0131\u015fmanlar\u0131 ile birlikte olduk\u00e7a a\u015fina ve tavsiye edilen firma olarak \u00e7al\u0131\u015fmaktay\u0131z. Bu nedenle<\/p><\/li><li><p> Seyahat talebinde bulunan her ba\u015fvuru sahibi ve misafirlerimiz i\u00e7in do\u011fru destinasyonlar konusunda ki\u015fiye \u00f6zel y\u00f6nlendirmeler i\u00e7in tavsiyelerde bulunuyoruz.<\/p><\/li><li><p>Gezginlerin turistik seyahatlerine<\/p><\/li><li><p> i\u015f insanlar\u0131na<\/p><\/li><li><p> ticari seyahatlere<\/p><\/li><li><p> aile yada arkada\u015f ziyareti ama\u00e7l\u0131 veya gidi\u015f amac\u0131n\u0131za istinaden internet ortam\u0131nda ki fazla bilgiden \u00e7ok do\u011fru bilgilerle<\/p><\/li><li><p> deneyimli dan\u0131\u015fmanl\u0131k firmas\u0131yla \u00e7al\u0131\u015fman\u0131n zaman kazand\u0131rd\u0131\u011f\u0131n\u0131n anlay\u0131\u015f\u0131 paha bi\u00e7ilemez<\/p><\/li><li><p> Bu sebeple misafirlerimizin ihtiya\u00e7lar\u0131n\u0131<\/p><\/li><li><p> sorunlar\u0131n\u0131<\/p><\/li><li><p> tercihlerini istenilen \u015fartlarda sa\u011flamak ama\u00e7l\u0131<\/p><\/li><li><p> vize zorluklar\u0131n\u0131n a\u015f\u0131lmas\u0131 i\u00e7in en do\u011frusu olacak \u015fekilde kar\u015f\u0131l\u0131yoruz.<\/p><\/li><\/ul>            \r\n                        \r\n            \r\n             \r\n                       \r\n                        \r\n                  \r\n        <\/div>[\/vc_column][\/vc_row][\/vc_section][vc_section bg_class=&#8221;bg-tra&#8221; parallax_image_attachment=&#8221;inherit&#8221; el_id=&#8221;statistic-1&#8243; el_class=&#8221;bg-image statistic-section division white-color&#8221;][vc_row][vc_column width=&#8221;1\/4&#8243;]\r\n        <div class=\"statistic-block icon-sm  wow perch-fadeInUp fadeInUp text-center\" data-wow-delay=\"300ms\" data-wow-duration=\"1200ms\"> \r\n                <div class=\"white-color-icon b-icon box-icon-md\"><span class=\"flaticon-316-mortarboard white-color\"><\/span><\/div>          \r\n                <h5 class=\"Default none statistic-number txt-700\"><span class=\"count-element\">820<\/span>+<\/h5>                \r\n                <p class=\"Default p-md none\">Students<\/p>\r\n                                \r\n        <\/div>[\/vc_column][vc_column width=&#8221;1\/4&#8243;]\r\n        <div class=\"statistic-block icon-sm  wow perch-fadeInUp fadeInUp text-center\" data-wow-delay=\"300ms\" data-wow-duration=\"1200ms\"> \r\n                <div class=\"white-color-icon b-icon box-icon-md\"><span class=\"flaticon-431-bank white-color\"><\/span><\/div>          \r\n                <h5 class=\"Default none statistic-number txt-700\"><span class=\"count-element\">127<\/span><\/h5>                \r\n                <p class=\"Default p-md none\">Universities<\/p>\r\n                                \r\n        <\/div>[\/vc_column][vc_column width=&#8221;1\/4&#8243;]\r\n        <div class=\"statistic-block icon-sm  wow perch-fadeInUp fadeInUp text-center\" data-wow-delay=\"300ms\" data-wow-duration=\"1200ms\"> \r\n                <div class=\"white-color-icon b-icon box-icon-md\"><span class=\"flaticon-285-internet-2 white-color\"><\/span><\/div>          \r\n                <h5 class=\"Default none statistic-number txt-700\"><span class=\"count-element\">81<\/span><\/h5>                \r\n                <p class=\"Default p-md none\">Countries<\/p>\r\n                                \r\n        <\/div>[\/vc_column][vc_column width=&#8221;1\/4&#8243;]\r\n        <div class=\"statistic-block icon-sm  wow perch-fadeInUp fadeInUp text-center\" data-wow-delay=\"300ms\" data-wow-duration=\"1200ms\"> \r\n                <div class=\"white-color-icon b-icon box-icon-md\"><span class=\"flaticon-032-user-3 white-color\"><\/span><\/div>          \r\n                <h5 class=\"Default none statistic-number txt-700\"><span class=\"count-element\">969<\/span><\/h5>                \r\n                <p class=\"Default p-md none\">Immigrations<\/p>\r\n                                \r\n        <\/div>[\/vc_column][\/vc_row][\/vc_section][vc_section bg_class=&#8221;bg-tra&#8221; parallax_image_attachment=&#8221;fixed&#8221; padding_class=&#8221;&#8221; el_id=&#8221;cta-4&#8243; el_class=&#8221;cta-section division&#8221;][vc_row parallax_image_attachment=&#8221;inherit&#8221;][vc_column]<div class=\"white-color  wow perch-fadeInUp fadeInUp\" data-wow-delay=\"300ms\" data-wow-duration=\"1200ms\">\r\n\t<div  class=\"row\">\r\n\r\n\r\n\t\t<!-- CALL TO ACTION TEXT -->\r\n\t\t<div class=\"col-md-8 col-lg-7 offset-md-4 offset-lg-5\">\t\t\t\t\t\t\r\n\r\n\t\t\t\t<!-- Title  -->\r\n\t\t\t\t\t\t\t\t\t<div class=\"cta-txt\">\r\n\t\t\t\t\t<h3 class=\"Default h3-xl none\">Profesyonel Vize Hizmetleri<\/h3><!-- Title -->\r\n\t\t\t\t\t<p class=\"Default p-lg none\">Profesyonel vize hizmetleri kapsam\u0131nda hangi \u00fclkeye seyahat etmek isterseniz, kolayl\u0131kla tamamlayabilmeniz i\u00e7in en do\u011fru ve sade \u015fekilde sizin i\u00e7in \u00e7al\u0131\u015f\u0131yoruz. \u0130nternet ortam\u0131ndaki kirli bilgiden \u00e7ok, tecr\u00fcbeli dan\u0131\u015fmanlar\u0131m\u0131z e\u015fli\u011finde yap\u0131lan t\u00fcm ba\u015fvurular i\u00e7in yan\u0131n\u0131zday\u0131z.<\/p><!-- Text -->\r\n\t\t\t\t\t<div class=\"stores-badge\">\r\n                <a target=\"_blank\"  href=\"mailto:youremail@mail.com\"  title=\"Get Consultation\"  class=\"btn btn-tra-white tra-hover btn-md primary-hover store btn-type-light\"><span>Get Consultation<\/span><\/a>\r\n                \r\n            <\/div><!-- Button  -->\r\n\t\t\t\t\t<\/div>\r\n\t\t\t\t\t\t\t\r\n\t\t<\/div>\r\n\t\t\r\n\t<\/div>\t  <!-- End row -->\r\n<\/div>[\/vc_column][\/vc_row][\/vc_section]<\/p>\n<\/div>","protected":false},"excerpt":{"rendered":"<p>[vc_section section_type=&#8221;about&#8221; about_type=&#8221;2&#8243; bg_class=&#8221;bg-lightgrey&#8221; parallax_image_attachment=&#8221;inherit&#8221;][vc_row][vc_column width=&#8221;1\/2&#8243;][\/vc_column][vc_column width=&#8221;1\/2&#8243;][\/vc_column][\/vc_row][\/vc_section][vc_section bg_class=&#8221;bg-tra&#8221; parallax_image_attachment=&#8221;inherit&#8221; el_id=&#8221;statistic-1&#8243; el_class=&#8221;bg-image statistic-section division white-color&#8221;][vc_row][vc_column width=&#8221;1\/4&#8243;][\/vc_column][vc_column width=&#8221;1\/4&#8243;][\/vc_column][vc_column width=&#8221;1\/4&#8243;][\/vc_column][vc_column width=&#8221;1\/4&#8243;][\/vc_column][\/vc_row][\/vc_section][vc_section bg_class=&#8221;bg-tra&#8221; parallax_image_attachment=&#8221;fixed&#8221; padding_class=&#8221;&#8221; el_id=&#8221;cta-4&#8243; el_class=&#8221;cta-section division&#8221;][vc_row parallax_image_attachment=&#8221;inherit&#8221;][vc_column][\/vc_column][\/vc_row][\/vc_section]<\/p>\n","protected":false},"author":1,"featured_media":0,"parent":0,"menu_order":0,"comment_status":"closed","ping_status":"closed","template":"","meta":{"footnotes":""},"class_list":["post-2344","page","type-page","status-publish","hentry","no-post-thumbnail"],"post_mailing_queue_ids":[],"_links":{"self":[{"href":"https:\/\/vizealmanya.net\/index.php?rest_route=\/wp\/v2\/pages\/2344","targetHints":{"allow":["GET"]}}],"collection":[{"href":"https:\/\/vizealmanya.net\/index.php?rest_route=\/wp\/v2\/pages"}],"about":[{"href":"https:\/\/vizealmanya.net\/index.php?rest_route=\/wp\/v2\/types\/page"}],"author":[{"embeddable":true,"href":"https:\/\/vizealmanya.net\/index.php?rest_route=\/wp\/v2\/users\/1"}],"replies":[{"embeddable":true,"href":"https:\/\/vizealmanya.net\/index.php?rest_route=%2Fwp%2Fv2%2Fcomments&post=2344"}],"version-history":[{"count":5,"href":"https:\/\/vizealmanya.net\/index.php?rest_route=\/wp\/v2\/pages\/2344\/revisions"}],"predecessor-version":[{"id":2674,"href":"https:\/\/vizealmanya.net\/index.php?rest_route=\/wp\/v2\/pages\/2344\/revisions\/2674"}],"wp:attachment":[{"href":"https:\/\/vizealmanya.net\/index.php?rest_route=%2Fwp%2Fv2%2Fmedia&parent=2344"}],"curies":[{"name":"wp","href":"https:\/\/api.w.org\/{rel}","templated":true}]}}